{"id":160,"date":"2014-09-22T08:35:53","date_gmt":"2014-09-22T05:35:53","guid":{"rendered":"http:\/\/cozumdemo.com\/erlog\/?page_id=160"},"modified":"2022-09-18T01:11:55","modified_gmt":"2022-09-17T22:11:55","slug":"startseite","status":"publish","type":"page","link":"https:\/\/www.erloglogistics.com\/de\/","title":{"rendered":"Startseite"},"content":{"rendered":"","protected":false},"excerpt":{"rendered":"","protected":false},"author":4,"featured_media":0,"parent":0,"menu_order":0,"comment_status":"closed","ping_status":"closed","template":"","meta":{"footnotes":""},"yoast_head":"<!-- This site is optimized with the Yoast SEO plugin v21.0 - https:\/\/yoast.com\/wordpress\/plugins\/seo\/ -->\n<title>Transport und Umzugsservice | T\u00fcrkei - Deutschland, \u00d6sterreich<\/title>\n<meta name=\"description\" content=\"Internationale Transport und- Umzugsservice aus Deutschland, \u00d6sterreich oder Schweiz in die T\u00fcrkei oder umgekehrt. Und M\u00f6bel Import\/Export.\" \/>\n<meta name=\"robots\" content=\"index, follow, max-snippet:-1, max-image-preview:large, max-video-preview:-1\" \/>\n<link rel=\"canonical\" href=\"https:\/\/www.erloglogistics.com\/de\/\" \/>\n<meta property=\"og:locale\" content=\"de_DE\" \/>\n<meta property=\"og:type\" content=\"article\" \/>\n<meta property=\"og:title\" content=\"Transport und Umzugsservice | T\u00fcrkei - Deutschland, \u00d6sterreich\" \/>\n<meta property=\"og:description\" content=\"Internationale Transport und- Umzugsservice aus Deutschland, \u00d6sterreich oder Schweiz in die T\u00fcrkei oder umgekehrt. Und M\u00f6bel Import\/Export.\" \/>\n<meta property=\"og:url\" content=\"https:\/\/www.erloglogistics.com\/de\/\" \/>\n<meta property=\"og:site_name\" content=\"Erlog\" \/>\n<meta property=\"article:modified_time\" content=\"2022-09-17T22:11:55+00:00\" \/>\n<meta name=\"twitter:card\" content=\"summary_large_image\" \/>\n<script type=\"application\/ld+json\" class=\"yoast-schema-graph\">{\"@context\":\"https:\/\/schema.org\",\"@graph\":[{\"@type\":\"WebPage\",\"@id\":\"https:\/\/www.erloglogistics.com\/de\/\",\"url\":\"https:\/\/www.erloglogistics.com\/de\/\",\"name\":\"Transport und Umzugsservice | T\u00fcrkei - Deutschland, \u00d6sterreich\",\"isPartOf\":{\"@id\":\"https:\/\/www.erloglogistics.com\/#website\"},\"datePublished\":\"2014-09-22T05:35:53+00:00\",\"dateModified\":\"2022-09-17T22:11:55+00:00\",\"description\":\"Internationale Transport und- Umzugsservice aus Deutschland, \u00d6sterreich oder Schweiz in die T\u00fcrkei oder umgekehrt. Und M\u00f6bel Import\/Export.\",\"breadcrumb\":{\"@id\":\"https:\/\/www.erloglogistics.com\/de\/#breadcrumb\"},\"inLanguage\":\"de\",\"potentialAction\":[{\"@type\":\"ReadAction\",\"target\":[\"https:\/\/www.erloglogistics.com\/de\/\"]}]},{\"@type\":\"BreadcrumbList\",\"@id\":\"https:\/\/www.erloglogistics.com\/de\/#breadcrumb\",\"itemListElement\":[{\"@type\":\"ListItem\",\"position\":1,\"name\":\"Ana sayfa\",\"item\":\"https:\/\/www.erloglogistics.com\/de\/\"},{\"@type\":\"ListItem\",\"position\":2,\"name\":\"Startseite\"}]},{\"@type\":\"WebSite\",\"@id\":\"https:\/\/www.erloglogistics.com\/#website\",\"url\":\"https:\/\/www.erloglogistics.com\/\",\"name\":\"Erlog Cologne Logistics\",\"description\":\"Uluslararas\u0131 Evden Eve Nakliyat\",\"publisher\":{\"@id\":\"https:\/\/www.erloglogistics.com\/#organization\"},\"potentialAction\":[{\"@type\":\"SearchAction\",\"target\":{\"@type\":\"EntryPoint\",\"urlTemplate\":\"https:\/\/www.erloglogistics.com\/?s={search_term_string}\"},\"query-input\":\"required name=search_term_string\"}],\"inLanguage\":\"de\"},{\"@type\":\"Organization\",\"@id\":\"https:\/\/www.erloglogistics.com\/#organization\",\"name\":\"Erlog Cologne\",\"url\":\"https:\/\/www.erloglogistics.com\/\",\"logo\":{\"@type\":\"ImageObject\",\"inLanguage\":\"de\",\"@id\":\"https:\/\/www.erloglogistics.com\/#\/schema\/logo\/image\/\",\"url\":\"https:\/\/erloglogistics.com\/wp-content\/uploads\/2020\/07\/logo2-1.png\",\"contentUrl\":\"https:\/\/erloglogistics.com\/wp-content\/uploads\/2020\/07\/logo2-1.png\",\"width\":2201,\"height\":818,\"caption\":\"Erlog Cologne\"},\"image\":{\"@id\":\"https:\/\/www.erloglogistics.com\/#\/schema\/logo\/image\/\"}}]}<\/script>\n<!-- \/ Yoast SEO plugin. -->","yoast_head_json":{"title":"Transport und Umzugsservice | T\u00fcrkei - Deutschland, \u00d6sterreich","description":"Internationale Transport und- Umzugsservice aus Deutschland, \u00d6sterreich oder Schweiz in die T\u00fcrkei oder umgekehrt. Und M\u00f6bel Import\/Export.","robots":{"index":"index","follow":"follow","max-snippet":"max-snippet:-1","max-image-preview":"max-image-preview:large","max-video-preview":"max-video-preview:-1"},"canonical":"https:\/\/www.erloglogistics.com\/de\/","og_locale":"de_DE","og_type":"article","og_title":"Transport und Umzugsservice | T\u00fcrkei - Deutschland, \u00d6sterreich","og_description":"Internationale Transport und- Umzugsservice aus Deutschland, \u00d6sterreich oder Schweiz in die T\u00fcrkei oder umgekehrt. Und M\u00f6bel Import\/Export.","og_url":"https:\/\/www.erloglogistics.com\/de\/","og_site_name":"Erlog","article_modified_time":"2022-09-17T22:11:55+00:00","twitter_card":"summary_large_image","schema":{"@context":"https:\/\/schema.org","@graph":[{"@type":"WebPage","@id":"https:\/\/www.erloglogistics.com\/de\/","url":"https:\/\/www.erloglogistics.com\/de\/","name":"Transport und Umzugsservice | T\u00fcrkei - Deutschland, \u00d6sterreich","isPartOf":{"@id":"https:\/\/www.erloglogistics.com\/#website"},"datePublished":"2014-09-22T05:35:53+00:00","dateModified":"2022-09-17T22:11:55+00:00","description":"Internationale Transport und- Umzugsservice aus Deutschland, \u00d6sterreich oder Schweiz in die T\u00fcrkei oder umgekehrt. Und M\u00f6bel Import\/Export.","breadcrumb":{"@id":"https:\/\/www.erloglogistics.com\/de\/#breadcrumb"},"inLanguage":"de","potentialAction":[{"@type":"ReadAction","target":["https:\/\/www.erloglogistics.com\/de\/"]}]},{"@type":"BreadcrumbList","@id":"https:\/\/www.erloglogistics.com\/de\/#breadcrumb","itemListElement":[{"@type":"ListItem","position":1,"name":"Ana sayfa","item":"https:\/\/www.erloglogistics.com\/de\/"},{"@type":"ListItem","position":2,"name":"Startseite"}]},{"@type":"WebSite","@id":"https:\/\/www.erloglogistics.com\/#website","url":"https:\/\/www.erloglogistics.com\/","name":"Erlog Cologne Logistics","description":"Uluslararas\u0131 Evden Eve Nakliyat","publisher":{"@id":"https:\/\/www.erloglogistics.com\/#organization"},"potentialAction":[{"@type":"SearchAction","target":{"@type":"EntryPoint","urlTemplate":"https:\/\/www.erloglogistics.com\/?s={search_term_string}"},"query-input":"required name=search_term_string"}],"inLanguage":"de"},{"@type":"Organization","@id":"https:\/\/www.erloglogistics.com\/#organization","name":"Erlog Cologne","url":"https:\/\/www.erloglogistics.com\/","logo":{"@type":"ImageObject","inLanguage":"de","@id":"https:\/\/www.erloglogistics.com\/#\/schema\/logo\/image\/","url":"https:\/\/erloglogistics.com\/wp-content\/uploads\/2020\/07\/logo2-1.png","contentUrl":"https:\/\/erloglogistics.com\/wp-content\/uploads\/2020\/07\/logo2-1.png","width":2201,"height":818,"caption":"Erlog Cologne"},"image":{"@id":"https:\/\/www.erloglogistics.com\/#\/schema\/logo\/image\/"}}]}},"_links":{"self":[{"href":"https:\/\/www.erloglogistics.com\/de\/wp-json\/wp\/v2\/pages\/160"}],"collection":[{"href":"https:\/\/www.erloglogistics.com\/de\/wp-json\/wp\/v2\/pages"}],"about":[{"href":"https:\/\/www.erloglogistics.com\/de\/wp-json\/wp\/v2\/types\/page"}],"author":[{"embeddable":true,"href":"https:\/\/www.erloglogistics.com\/de\/wp-json\/wp\/v2\/users\/4"}],"replies":[{"embeddable":true,"href":"https:\/\/www.erloglogistics.com\/de\/wp-json\/wp\/v2\/comments?post=160"}],"version-history":[{"count":4,"href":"https:\/\/www.erloglogistics.com\/de\/wp-json\/wp\/v2\/pages\/160\/revisions"}],"predecessor-version":[{"id":254,"href":"https:\/\/www.erloglogistics.com\/de\/wp-json\/wp\/v2\/pages\/160\/revisions\/254"}],"wp:attachment":[{"href":"https:\/\/www.erloglogistics.com\/de\/wp-json\/wp\/v2\/media?parent=160"}],"curies":[{"name":"wp","href":"https:\/\/api.w.org\/{rel}","templated":true}]}}